{"id":1350,"date":"2019-05-14T21:31:58","date_gmt":"2019-05-14T20:31:58","guid":{"rendered":"https:\/\/www.fisioakasa.com\/carrito\/"},"modified":"2019-05-14T21:31:58","modified_gmt":"2019-05-14T20:31:58","slug":"carrito","status":"publish","type":"page","link":"https:\/\/www.fisioakasa.com\/pago\/carrito\/","title":{"rendered":"Carrito"},"content":{"rendered":"\n<hr class=\"wp-block-separator is-style-default\"\/>\n\n\n\n<p style=\"text-align:center\">Antes de realizar la compra te aconsejamos que contactes con nosotros para confirmar la disponibilidad del servicio contratado.<\/p>\n\n\n\n<p style=\"text-align:center\">Puedes hacerlo via telef\u00f3nica, whatsapp, mail o usando el formulario de contacto que encontrar\u00e1s en cada p\u00e1gina de servicio. <\/p>\n\n\n\n<p style=\"text-align:center\">En el caso que hagas el pago y no podamos realizar el servicio, no te preocupes, recibir\u00e1s el reembolso de inmediato.<\/p>\n\n\n\n<hr class=\"wp-block-separator\"\/>\n\n\n\n","protected":false},"excerpt":{"rendered":"<p>Antes de realizar la compra te aconsejamos que contactes con nosotros para confirmar la disponibilidad del servicio contratado. Puedes hacerlo via telef\u00f3nica, whatsapp, mail o usando el formulario de contacto que encontrar\u00e1s en cada p\u00e1gina de servicio. En el caso que hagas el pago y no podamos realizar el servicio, no te preocupes, recibir\u00e1s el [&hellip;]<\/p>\n","protected":false},"author":2,"featured_media":0,"parent":0,"menu_order":0,"comment_status":"closed","ping_status":"closed","template":"","meta":{"_uag_custom_page_level_css":"","site-sidebar-layout":"default","site-content-layout":"","ast-site-content-layout":"default","site-content-style":"default","site-sidebar-style":"default","ast-global-header-display":"","ast-banner-title-visibility":"","ast-main-header-display":"","ast-hfb-above-header-display":"","ast-hfb-below-header-display":"","ast-hfb-mobile-header-display":"","site-post-title":"","ast-breadcrumbs-content":"","ast-featured-img":"disabled","footer-sml-layout":"","ast-disable-related-posts":"","theme-transparent-header-meta":"","adv-header-id-meta":"","stick-header-meta":"","header-above-stick-meta":"","header-main-stick-meta":"","header-below-stick-meta":"","astra-migrate-meta-layouts":"default","ast-page-background-enabled":"default","ast-page-background-meta":{"desktop":{"background-color":"var(--ast-global-color-4)","background-image":"","background-repeat":"repeat","background-position":"center center","background-size":"auto","background-attachment":"scroll","background-type":"","background-media":"","overlay-type":"","overlay-color":"","overlay-opacity":"","overlay-gradient":""},"tablet":{"background-color":"","background-image":"","background-repeat":"repeat","background-position":"center center","background-size":"auto","background-attachment":"scroll","background-type":"","background-media":"","overlay-type":"","overlay-color":"","overlay-opacity":"","overlay-gradient":""},"mobile":{"background-color":"","background-image":"","background-repeat":"repeat","background-position":"center center","background-size":"auto","background-attachment":"scroll","background-type":"","background-media":"","overlay-type":"","overlay-color":"","overlay-opacity":"","overlay-gradient":""}},"ast-content-background-meta":{"desktop":{"background-color":"var(--ast-global-color-5)","background-image":"","background-repeat":"repeat","background-position":"center center","background-size":"auto","background-attachment":"scroll","background-type":"","background-media":"","overlay-type":"","overlay-color":"","overlay-opacity":"","overlay-gradient":""},"tablet":{"background-color":"var(--ast-global-color-5)","background-image":"","background-repeat":"repeat","background-position":"center center","background-size":"auto","background-attachment":"scroll","background-type":"","background-media":"","overlay-type":"","overlay-color":"","overlay-opacity":"","overlay-gradient":""},"mobile":{"background-color":"var(--ast-global-color-5)","background-image":"","background-repeat":"repeat","background-position":"center center","background-size":"auto","background-attachment":"scroll","background-type":"","background-media":"","overlay-type":"","overlay-color":"","overlay-opacity":"","overlay-gradient":""}},"_noindexer_noindex":"","_noindexer_excluded":"","_joinchat":[],"footnotes":""},"class_list":["post-1350","page","type-page","status-publish","hentry"],"uagb_featured_image_src":{"full":false,"thumbnail":false,"medium":false,"medium_large":false,"large":false,"1536x1536":false,"2048x2048":false,"woocommerce_thumbnail":false,"woocommerce_single":false,"woocommerce_gallery_thumbnail":false},"uagb_author_info":{"display_name":"admin","author_link":"https:\/\/www.fisioakasa.com\/pago\/author\/admin\/"},"uagb_comment_info":0,"uagb_excerpt":"Antes de realizar la compra te aconsejamos que contactes con nosotros para confirmar la disponibilidad del servicio contratado. Puedes hacerlo via telef\u00f3nica, whatsapp, mail o usando el formulario de contacto que encontrar\u00e1s en cada p\u00e1gina de servicio. En el caso que hagas el pago y no podamos realizar el servicio, no te preocupes, recibir\u00e1s el&hellip;","_links":{"self":[{"href":"https:\/\/www.fisioakasa.com\/pago\/wp-json\/wp\/v2\/pages\/1350","targetHints":{"allow":["GET"]}}],"collection":[{"href":"https:\/\/www.fisioakasa.com\/pago\/wp-json\/wp\/v2\/pages"}],"about":[{"href":"https:\/\/www.fisioakasa.com\/pago\/wp-json\/wp\/v2\/types\/page"}],"author":[{"embeddable":true,"href":"https:\/\/www.fisioakasa.com\/pago\/wp-json\/wp\/v2\/users\/2"}],"replies":[{"embeddable":true,"href":"https:\/\/www.fisioakasa.com\/pago\/wp-json\/wp\/v2\/comments?post=1350"}],"version-history":[{"count":0,"href":"https:\/\/www.fisioakasa.com\/pago\/wp-json\/wp\/v2\/pages\/1350\/revisions"}],"wp:attachment":[{"href":"https:\/\/www.fisioakasa.com\/pago\/wp-json\/wp\/v2\/media?parent=1350"}],"curies":[{"name":"wp","href":"https:\/\/api.w.org\/{rel}","templated":true}]}}