{"id":6288,"date":"2023-04-18T08:05:47","date_gmt":"2023-04-18T08:05:47","guid":{"rendered":"https:\/\/fisioakasa.com\/pago\/?post_type=product&#038;p=6288"},"modified":"2026-04-15T06:50:57","modified_gmt":"2026-04-15T06:50:57","slug":"pack-10-sesiones-rehabilitacion-60-minutos-13-dto","status":"publish","type":"product","link":"https:\/\/www.fisioakasa.com\/pago\/producto\/pack-10-sesiones-rehabilitacion-60-minutos-13-dto\/","title":{"rendered":"Pack 10 sesiones Rehabilitaci\u00f3n 60 minutos 13% Dto."},"content":{"rendered":"<p>Pack de 10 sesiones de 60 minutos de rehabilitaci\u00f3n a domicilio.<br \/>\nLos tratamientos para este producto son:<br \/>\n-Rehabilitaci\u00f3n en traumatolog\u00eda y reumatolog\u00eda.<br \/>\n-Fisioterapia neurol\u00f3gica.<br \/>\n-Fisioterapia respiratoria en adultos.<br \/>\n-Fisioterapia geri\u00e1trica<\/p>\n<p>Cada sesi\u00f3n sale a 35\u20ac<\/p>\n","protected":false},"excerpt":{"rendered":"<p>Pack de 10 sesiones de 60 minutos de rehabilitaci\u00f3n a domicilio en tratamientos de:<br \/>\n-Rehabilitaci\u00f3n en traumatolog\u00eda y reumatolog\u00eda.<br \/>\n-Fisioterapia neurol\u00f3gica.<br \/>\n-Fisioterapia respiratoria en adultos.<br \/>\n-Fisioterapia geri\u00e1trica<\/p>\n<p>Cada sesi\u00f3n sale a 35\u20ac<\/p>\n","protected":false},"featured_media":5385,"comment_status":"open","ping_status":"closed","template":"","meta":{"_uag_custom_page_level_css":"","site-sidebar-layout":"default","site-content-layout":"default","ast-site-content-layout":"default","site-content-style":"default","site-sidebar-style":"default","ast-global-header-display":"","ast-banner-title-visibility":"","ast-main-header-display":"","ast-hfb-above-header-display":"","ast-hfb-below-header-display":"","ast-hfb-mobile-header-display":"","site-post-title":"","ast-breadcrumbs-content":"","ast-featured-img":"","footer-sml-layout":"","ast-disable-related-posts":"","theme-transparent-header-meta":"default","adv-header-id-meta":"","stick-header-meta":"","header-above-stick-meta":"","header-main-stick-meta":"","header-below-stick-meta":"","astra-migrate-meta-layouts":"default","ast-page-background-enabled":"default","ast-page-background-meta":{"desktop":{"background-color":"var(--ast-global-color-4)","background-image":"","background-repeat":"repeat","background-position":"center center","background-size":"auto","background-attachment":"scroll","background-type":"","background-media":"","overlay-type":"","overlay-color":"","overlay-opacity":"","overlay-gradient":""},"tablet":{"background-color":"","background-image":"","background-repeat":"repeat","background-position":"center center","background-size":"auto","background-attachment":"scroll","background-type":"","background-media":"","overlay-type":"","overlay-color":"","overlay-opacity":"","overlay-gradient":""},"mobile":{"background-color":"","background-image":"","background-repeat":"repeat","background-position":"center center","background-size":"auto","background-attachment":"scroll","background-type":"","background-media":"","overlay-type":"","overlay-color":"","overlay-opacity":"","overlay-gradient":""}},"ast-content-background-meta":{"desktop":{"background-color":"var(--ast-global-color-5)","background-image":"","background-repeat":"repeat","background-position":"center center","background-size":"auto","background-attachment":"scroll","background-type":"","background-media":"","overlay-type":"","overlay-color":"","overlay-opacity":"","overlay-gradient":""},"tablet":{"background-color":"var(--ast-global-color-5)","background-image":"","background-repeat":"repeat","background-position":"center center","background-size":"auto","background-attachment":"scroll","background-type":"","background-media":"","overlay-type":"","overlay-color":"","overlay-opacity":"","overlay-gradient":""},"mobile":{"background-color":"var(--ast-global-color-5)","background-image":"","background-repeat":"repeat","background-position":"center center","background-size":"auto","background-attachment":"scroll","background-type":"","background-media":"","overlay-type":"","overlay-color":"","overlay-opacity":"","overlay-gradient":""}},"_noindexer_noindex":"","_noindexer_excluded":"","_joinchat":[]},"product_brand":[],"product_cat":[100,99,69,103,98],"product_tag":[],"class_list":{"0":"post-6288","1":"product","2":"type-product","3":"status-publish","4":"has-post-thumbnail","6":"product_cat-fisioterapia-geriatrica","7":"product_cat-fisioterapia-neurologica","8":"product_cat-fisioterapia-respiratoria","9":"product_cat-rehabilitacion","10":"product_cat-rehabilitacion-a-domicilio","11":"desktop-align-left","12":"tablet-align-left","13":"mobile-align-left","15":"first","16":"onbackorder","17":"sale","18":"virtual","19":"purchasable","20":"product-type-simple"},"uagb_featured_image_src":{"full":["https:\/\/www.fisioakasa.com\/pago\/wp-content\/uploads\/2021\/10\/Fisioterapia-para-personas-mayores-min-scaled-1.jpg",2560,1709,false],"thumbnail":["https:\/\/www.fisioakasa.com\/pago\/wp-content\/uploads\/2021\/10\/Fisioterapia-para-personas-mayores-min-scaled-1-150x150.jpg",150,150,true],"medium":["https:\/\/www.fisioakasa.com\/pago\/wp-content\/uploads\/2021\/10\/Fisioterapia-para-personas-mayores-min-scaled-1-300x200.jpg",300,200,true],"medium_large":["https:\/\/www.fisioakasa.com\/pago\/wp-content\/uploads\/2021\/10\/Fisioterapia-para-personas-mayores-min-scaled-1-768x513.jpg",768,513,true],"large":["https:\/\/www.fisioakasa.com\/pago\/wp-content\/uploads\/2021\/10\/Fisioterapia-para-personas-mayores-min-scaled-1-1024x684.jpg",1024,684,true],"1536x1536":["https:\/\/www.fisioakasa.com\/pago\/wp-content\/uploads\/2021\/10\/Fisioterapia-para-personas-mayores-min-scaled-1-1536x1025.jpg",1536,1025,true],"2048x2048":["https:\/\/www.fisioakasa.com\/pago\/wp-content\/uploads\/2021\/10\/Fisioterapia-para-personas-mayores-min-scaled-1-2048x1367.jpg",2048,1367,true],"woocommerce_thumbnail":["https:\/\/www.fisioakasa.com\/pago\/wp-content\/uploads\/2021\/10\/Fisioterapia-para-personas-mayores-min-scaled-1-300x300.jpg",300,300,true],"woocommerce_single":["https:\/\/www.fisioakasa.com\/pago\/wp-content\/uploads\/2021\/10\/Fisioterapia-para-personas-mayores-min-scaled-1-600x401.jpg",600,401,true],"woocommerce_gallery_thumbnail":["https:\/\/www.fisioakasa.com\/pago\/wp-content\/uploads\/2021\/10\/Fisioterapia-para-personas-mayores-min-scaled-1-100x100.jpg",100,100,true]},"uagb_author_info":{"display_name":"Davidpa","author_link":"https:\/\/www.fisioakasa.com\/pago\/author\/"},"uagb_comment_info":0,"uagb_excerpt":"Pack de 10 sesiones de 60 minutos de rehabilitaci\u00f3n a domicilio en tratamientos de: -Rehabilitaci\u00f3n en traumatolog\u00eda y reumatolog\u00eda. -Fisioterapia neurol\u00f3gica. -Fisioterapia respiratoria en adultos. -Fisioterapia geri\u00e1trica Cada sesi\u00f3n sale a 35\u20ac","_links":{"self":[{"href":"https:\/\/www.fisioakasa.com\/pago\/wp-json\/wp\/v2\/product\/6288","targetHints":{"allow":["GET"]}}],"collection":[{"href":"https:\/\/www.fisioakasa.com\/pago\/wp-json\/wp\/v2\/product"}],"about":[{"href":"https:\/\/www.fisioakasa.com\/pago\/wp-json\/wp\/v2\/types\/product"}],"replies":[{"embeddable":true,"href":"https:\/\/www.fisioakasa.com\/pago\/wp-json\/wp\/v2\/comments?post=6288"}],"wp:featuredmedia":[{"embeddable":true,"href":"https:\/\/www.fisioakasa.com\/pago\/wp-json\/wp\/v2\/media\/5385"}],"wp:attachment":[{"href":"https:\/\/www.fisioakasa.com\/pago\/wp-json\/wp\/v2\/media?parent=6288"}],"wp:term":[{"taxonomy":"product_brand","embeddable":true,"href":"https:\/\/www.fisioakasa.com\/pago\/wp-json\/wp\/v2\/product_brand?post=6288"},{"taxonomy":"product_cat","embeddable":true,"href":"https:\/\/www.fisioakasa.com\/pago\/wp-json\/wp\/v2\/product_cat?post=6288"},{"taxonomy":"product_tag","embeddable":true,"href":"https:\/\/www.fisioakasa.com\/pago\/wp-json\/wp\/v2\/product_tag?post=6288"}],"curies":[{"name":"wp","href":"https:\/\/api.w.org\/{rel}","templated":true}]}}